{"id":749,"date":"2020-04-20T14:07:17","date_gmt":"2020-04-20T12:07:17","guid":{"rendered":"http:\/\/tiagopaes.com\/?page_id=749"},"modified":"2020-04-20T15:59:06","modified_gmt":"2020-04-20T13:59:06","slug":"freedoom","status":"publish","type":"page","link":"http:\/\/tiagopaes.com\/?page_id=749","title":{"rendered":"Freedo\u00f8m"},"content":{"rendered":"<p><a href=\"http:\/\/tiagopaes.com\/?page_id=854\">&lt; Back<\/a><\/p>\n<p><span style=\"color: #000000;\"><strong>Freedo\u00f8m (2019)<br \/>\n<\/strong><\/span><span style=\"color: #808080;\">6&prime; HD video loop projection<\/span><\/p>\n\n\t\t<!-- MasterSlider -->\n\t\t<div id=\"P_MS6a09473c961ab\" class=\"master-slider-parent msl ms-parent-id-2\" style=\"max-width:600px;\"  >\n\n\t\t\t\n\t\t\t<!-- MasterSlider Main -->\n\t\t\t<div id=\"MS6a09473c961ab\" class=\"master-slider ms-skin-default\" >\n\t\t\t\t \t\t\t\t \n\t\t\t\t<div  class=\"ms-slide\" data-delay=\"3\" data-fill-mode=\"fill\"  >\n\t\t\t\t\t<img src=\"http:\/\/tiagopaes.com\/wp-content\/plugins\/master-slider\/public\/assets\/css\/blank.gif\" alt=\"\" title=\"\" data-src=\"http:\/\/tiagopaes.com\/wp-content\/uploads\/2020\/04\/DSC_2800-600x400.jpg\" \/>\n\n\n\t<div class=\"ms-thumb\" ><div class=\"ms-tab-context\"><div class=&quot;ms-tab-context&quot;><\/div><\/div>\n<\/div>\n\t\t\t\t<\/div>\n\t\t\t\t<div  class=\"ms-slide\" data-delay=\"3\" data-fill-mode=\"fill\"  >\n\t\t\t\t\t<img src=\"http:\/\/tiagopaes.com\/wp-content\/plugins\/master-slider\/public\/assets\/css\/blank.gif\" alt=\"\" title=\"\" data-src=\"http:\/\/tiagopaes.com\/wp-content\/uploads\/2020\/04\/DSC_2843-600x400.jpg\" \/>\n\n\n\t<div class=\"ms-thumb\" ><div class=\"ms-tab-context\"><div class=&quot;ms-tab-context&quot;><\/div><\/div>\n<\/div>\n\t\t\t\t<\/div>\n\t\t\t\t<div  class=\"ms-slide\" data-delay=\"3\" data-fill-mode=\"fill\"  >\n\t\t\t\t\t<img src=\"http:\/\/tiagopaes.com\/wp-content\/plugins\/master-slider\/public\/assets\/css\/blank.gif\" alt=\"\" title=\"\" data-src=\"http:\/\/tiagopaes.com\/wp-content\/uploads\/2020\/04\/DSC_2845-600x400.jpg\" \/>\n\n\n\t<div class=\"ms-thumb\" ><div class=\"ms-tab-context\"><div class=&quot;ms-tab-context&quot;><\/div><\/div>\n<\/div>\n\t\t\t\t<\/div>\n\t\t\t\t<div  class=\"ms-slide\" data-delay=\"3\" data-fill-mode=\"fill\"  >\n\t\t\t\t\t<img src=\"http:\/\/tiagopaes.com\/wp-content\/plugins\/master-slider\/public\/assets\/css\/blank.gif\" alt=\"\" title=\"\" data-src=\"http:\/\/tiagopaes.com\/wp-content\/uploads\/2020\/04\/DSC_2842-600x400.jpg\" \/>\n\n\n\t<div class=\"ms-thumb\" ><div class=\"ms-tab-context\"><div class=&quot;ms-tab-context&quot;><\/div><\/div>\n<\/div>\n\t\t\t\t<\/div>\n\t\t\t\t<div  class=\"ms-slide\" data-delay=\"3\" data-fill-mode=\"fill\"  >\n\t\t\t\t\t<img src=\"http:\/\/tiagopaes.com\/wp-content\/plugins\/master-slider\/public\/assets\/css\/blank.gif\" alt=\"\" title=\"\" data-src=\"http:\/\/tiagopaes.com\/wp-content\/uploads\/2020\/04\/DSC_2835-600x400.jpg\" \/>\n\n\n\t<div class=\"ms-thumb\" ><div class=\"ms-tab-context\"><div class=&quot;ms-tab-context&quot;><\/div><\/div>\n<\/div>\n\t\t\t\t<\/div>\n\t\t\t\t<div  class=\"ms-slide\" data-delay=\"3\" data-fill-mode=\"fill\"  >\n\t\t\t\t\t<img src=\"http:\/\/tiagopaes.com\/wp-content\/plugins\/master-slider\/public\/assets\/css\/blank.gif\" alt=\"\" title=\"\" data-src=\"http:\/\/tiagopaes.com\/wp-content\/uploads\/2020\/04\/DSC_2818-600x400.jpg\" \/>\n\n\n\t<div class=\"ms-thumb\" ><div class=\"ms-tab-context\"><div class=&quot;ms-tab-context&quot;><\/div><\/div>\n<\/div>\n\t\t\t\t<\/div>\n\t\t\t\t<div  class=\"ms-slide\" data-delay=\"3\" data-fill-mode=\"fill\"  >\n\t\t\t\t\t<img src=\"http:\/\/tiagopaes.com\/wp-content\/plugins\/master-slider\/public\/assets\/css\/blank.gif\" alt=\"\" title=\"\" data-src=\"http:\/\/tiagopaes.com\/wp-content\/uploads\/2020\/04\/DSC_2801-600x400.jpg\" \/>\n\n\n\t<div class=\"ms-thumb\" ><div class=\"ms-tab-context\"><div class=&quot;ms-tab-context&quot;><\/div><\/div>\n<\/div>\n\t\t\t\t<\/div>\n\n\t\t\t<\/div>\n\t\t\t<!-- END MasterSlider Main -->\n\n\t\t\t \n\t\t<\/div>\n\t\t<!-- END MasterSlider -->\n\n\t\t<script>\n\t\t(function ( $ ) {\n\t\t\t\"use strict\";\n\n\t\t\t$(function () {\n\t\t\t\tvar masterslider_61ab = new MasterSlider();\n\n\t\t\t\t\/\/ slider controls\n\n\t\t\t\t\/\/ slider setup\n\t\t\t\tmasterslider_61ab.setup(\"MS6a09473c961ab\", {\n\t\t\t\t\t\twidth           : 600,\n\t\t\t\t\t\theight          : 400,\n\t\t\t\t\t\tminHeight       : 0,\n\t\t\t\t\t\tspace           : 0,\n\t\t\t\t\t\tstart           : 1,\n\t\t\t\t\t\tgrabCursor      : false,\n\t\t\t\t\t\tswipe           : false,\n\t\t\t\t\t\tmouse           : false,\n\t\t\t\t\t\tlayout          : \"boxed\",\n\t\t\t\t\t\twheel           : false,\n\t\t\t\t\t\tautoplay        : true,\n\t\t\t\t\t\tinstantStartLayers:false,\n\t\t\t\t\t\tloop            : true,\n\t\t\t\t\t\tshuffle         : true,\n\t\t\t\t\t\tpreload         : 0,\n\t\t\t\t\t\theightLimit     : true,\n\t\t\t\t\t\tautoHeight      : false,\n\t\t\t\t\t\tsmoothHeight    : true,\n\t\t\t\t\t\tendPause        : false,\n\t\t\t\t\t\toverPause       : false,\n\t\t\t\t\t\tfillMode        : \"fill\",\n\t\t\t\t\t\tcenterControls  : true,\n\t\t\t\t\t\tstartOnAppear   : true,\n\t\t\t\t\t\tlayersMode      : \"center\",\n\t\t\t\t\t\thideLayers      : false,\n\t\t\t\t\t\tfullscreenMargin: 0,\n\t\t\t\t\t\tspeed           : 15,\n\t\t\t\t\t\tdir             : \"v\",\n\t\t\t\t\t\tparallaxMode    : 'swipe',\n\t\t\t\t\t\tview            : \"fade\"\n\t\t\t\t});\n\n\t\t\t\t\n\t\t\t\twindow.masterslider_instances = window.masterslider_instances || [];\n\t\t\t\twindow.masterslider_instances.push( masterslider_61ab );\n\t\t\t });\n\n\t\t})(jQuery);\n\t\t<\/script>\n\n\n<p>&nbsp;<\/p>\n<p style=\"text-align: center;\">freedo\u00f8m est un projet d\u2019installation vid\u00e9o, sous forme de loop.<\/p>\n<p style=\"text-align: center;\">L\u2019action est film\u00e9e dans la r\u00e9serve naturelle du Westhoek.<br \/>\nDans cette zone frontali\u00e8re entre la France et la Belgique<br \/>\ns\u2019\u00e9tend sur 350 hectares la plus ancienne r\u00e9serve naturelle de Flandres.<br \/>\nCompos\u00e9e d\u2019un ensemble vallonn\u00e9 de dunes, elle s\u2019apparente \u00e0 un fabuleux paysage d\u00e9sertique.<\/p>\n<p style=\"text-align: center;\">Un homme m\u00e9tis y marche tirant derri\u00e8re lui une \u00e9paisse corde,<br \/>\ntra\u00e7ant un sillon dans le sable. Celle-ci se coince r\u00e9guli\u00e8rement.<br \/>\nL\u2019homme s\u2019enroule et s\u2019emm\u00eale alors dans cette corde avant de se d\u00e9m\u00ealer,<br \/>\nde la lib\u00e9rer et de pouvoir reprendre sa route.<\/p>\n<p style=\"text-align: center;\">A la mani\u00e8re du mythe de Sisyphe, il continue alors dans une boucle \u00e9ternelle,<br \/>\nr\u00e9p\u00e9tant la proc\u00e9dure inlassablement.<\/p>\n<p>&nbsp;<\/p>\n<div class=\"foogallery foogallery-container foogallery-justified foogallery-lightbox-none fg-justified fg-custom fg-border-thin  fg-shadow-outline   fg-loaded-fade-in fg-custom    fg-hover-instant \" id=\"foogallery-gallery-888\" data-foogallery=\"{&quot;item&quot;:{&quot;showCaptionTitle&quot;:true,&quot;showCaptionDescription&quot;:true},&quot;lazy&quot;:true,&quot;src&quot;:&quot;data-src-fg&quot;,&quot;srcset&quot;:&quot;data-srcset-fg&quot;,&quot;template&quot;:{&quot;rowHeight&quot;:100,&quot;maxRowHeight&quot;:&quot;150%&quot;,&quot;margins&quot;:1,&quot;lastRow&quot;:&quot;justify&quot;}}\" data-fg-common-fields=\"1\" >\r\n\t<div class=\"fg-item\"><figure class=\"fg-item-inner\"><a  data-attachment-id=\"891\" class=\" fg-thumb\"><img  alt=\"Freedo\u00f8m\" height=\"200\" width=\"355\" data-src-fg=\"http:\/\/tiagopaes.com\/wp-content\/uploads\/cache\/2020\/04\/005\/1828693425.jpg\" class=\"fg-image\" \/><\/a><figcaption class=\"fg-caption\"><div class=\"fg-caption-inner\"><\/div><\/figcaption><\/figure><\/div><div class=\"fg-item\"><figure class=\"fg-item-inner\"><a  data-attachment-id=\"889\" class=\" fg-thumb\"><img  height=\"200\" width=\"300\" data-src-fg=\"http:\/\/tiagopaes.com\/wp-content\/uploads\/cache\/2020\/04\/003\/-1929872394.jpg\" class=\"fg-image\" \/><\/a><figcaption class=\"fg-caption\"><div class=\"fg-caption-inner\"><\/div><\/figcaption><\/figure><\/div><div class=\"fg-item\"><figure class=\"fg-item-inner\"><a  data-attachment-id=\"890\" class=\" fg-thumb\"><img  height=\"200\" width=\"355\" data-src-fg=\"http:\/\/tiagopaes.com\/wp-content\/uploads\/cache\/2020\/04\/004\/1250657599.jpg\" class=\"fg-image\" \/><\/a><figcaption class=\"fg-caption\"><div class=\"fg-caption-inner\"><\/div><\/figcaption><\/figure><\/div><div class=\"fg-item\"><figure class=\"fg-item-inner\"><a  data-attachment-id=\"892\" class=\" fg-thumb\"><img  height=\"200\" width=\"355\" data-src-fg=\"http:\/\/tiagopaes.com\/wp-content\/uploads\/cache\/2020\/04\/006\/107201571.jpg\" class=\"fg-image\" \/><\/a><figcaption class=\"fg-caption\"><div class=\"fg-caption-inner\"><\/div><\/figcaption><\/figure><\/div><div class=\"fg-item\"><figure class=\"fg-item-inner\"><a  data-attachment-id=\"903\" class=\" fg-thumb\"><img  alt=\"Freedo\u00f8m\" height=\"200\" width=\"356\" data-src-fg=\"http:\/\/tiagopaes.com\/wp-content\/uploads\/cache\/2020\/04\/PREMONTAGE_00_06_43_01_Image-fixe004\/828789440.jpg\" class=\"fg-image\" \/><\/a><figcaption class=\"fg-caption\"><div class=\"fg-caption-inner\"><\/div><\/figcaption><\/figure><\/div><\/div>\r\n\n<p>&nbsp;<\/p>\n","protected":false},"excerpt":{"rendered":"<p>&lt; Back<\/p>\n<p>Freedo\u00f8m (2019) 6&prime; HD video loop projection<\/p>\n<p> (function ( $ ) { \u00ab\u00a0use strict\u00a0\u00bb; $(function () { var masterslider_9d38 = new MasterSlider(); \/\/ slider controls \/\/ slider setup masterslider_9d38.setup(\u00ab\u00a0MS6a09473c99d38\u00a0\u00bb, { width : 600, height : 400, minHeight : 0, space : 0, start : 1, grabCursor : false, swipe : false, mouse : [&#8230;]<\/p>\n","protected":false},"author":1,"featured_media":0,"parent":0,"menu_order":0,"comment_status":"closed","ping_status":"closed","template":"","meta":{"ngg_post_thumbnail":0,"footnotes":""},"_links":{"self":[{"href":"http:\/\/tiagopaes.com\/index.php?rest_route=\/wp\/v2\/pages\/749"}],"collection":[{"href":"http:\/\/tiagopaes.com\/index.php?rest_route=\/wp\/v2\/pages"}],"about":[{"href":"http:\/\/tiagopaes.com\/index.php?rest_route=\/wp\/v2\/types\/page"}],"author":[{"embeddable":true,"href":"http:\/\/tiagopaes.com\/index.php?rest_route=\/wp\/v2\/users\/1"}],"replies":[{"embeddable":true,"href":"http:\/\/tiagopaes.com\/index.php?rest_route=%2Fwp%2Fv2%2Fcomments&post=749"}],"version-history":[{"count":73,"href":"http:\/\/tiagopaes.com\/index.php?rest_route=\/wp\/v2\/pages\/749\/revisions"}],"predecessor-version":[{"id":1014,"href":"http:\/\/tiagopaes.com\/index.php?rest_route=\/wp\/v2\/pages\/749\/revisions\/1014"}],"wp:attachment":[{"href":"http:\/\/tiagopaes.com\/index.php?rest_route=%2Fwp%2Fv2%2Fmedia&parent=749"}],"curies":[{"name":"wp","href":"https:\/\/api.w.org\/{rel}","templated":true}]}}