{"id":966,"date":"2020-04-20T14:06:46","date_gmt":"2020-04-20T12:06:46","guid":{"rendered":"http:\/\/tiagopaes.com\/?page_id=966"},"modified":"2020-04-20T16:18:01","modified_gmt":"2020-04-20T14:18:01","slug":"home","status":"publish","type":"page","link":"http:\/\/tiagopaes.com\/?page_id=966","title":{"rendered":"Circulaire 8433"},"content":{"rendered":"<p><a href=\"http:\/\/tiagopaes.com\/?page_id=854\">&lt; Back<\/a><\/p>\n<p>Circulaire 8433 (2018)<br \/>\n<span style=\"color: #808080;\">2&prime; hd video loop \/ color photography \/ documents<\/span><\/p>\n<p style=\"text-align: center;\"><iframe loading=\"lazy\" src=\"https:\/\/player.vimeo.com\/video\/409553408\" width=\"640\" height=\"380\" frameborder=\"0\" allowfullscreen=\"allowfullscreen\" data-mce-fragment=\"1\"><\/iframe><\/p>\n<div class=\"foogallery foogallery-container foogallery-justified foogallery-lightbox-none fg-justified fg-light     fg-loading-default fg-loaded-fade-in fg-custom    fg-hover-fade \" id=\"foogallery-gallery-976\" data-foogallery=\"{&quot;item&quot;:{&quot;showCaptionTitle&quot;:false,&quot;showCaptionDescription&quot;:false},&quot;lazy&quot;:true,&quot;src&quot;:&quot;data-src-fg&quot;,&quot;srcset&quot;:&quot;data-srcset-fg&quot;,&quot;template&quot;:{&quot;rowHeight&quot;:150,&quot;maxRowHeight&quot;:&quot;200%&quot;,&quot;margins&quot;:1,&quot;lastRow&quot;:&quot;center&quot;}}\" data-fg-common-fields=\"1\" >\r\n\t<div class=\"fg-item\"><figure class=\"fg-item-inner\"><a  href=\"http:\/\/tiagopaes.com\/wp-content\/uploads\/2020\/04\/circulairephotospolice.jpg\" data-attachment-id=\"973\" class=\" fg-thumb\"><img  height=\"250\" width=\"177\" data-src-fg=\"http:\/\/tiagopaes.com\/wp-content\/uploads\/cache\/2020\/04\/circulairephotospolice\/-1355262349.jpg\" class=\"fg-image\" \/><\/a><figcaption class=\"fg-caption\"><div class=\"fg-caption-inner\"><\/div><\/figcaption><\/figure><\/div><div class=\"fg-item\"><figure class=\"fg-item-inner\"><a  href=\"http:\/\/tiagopaes.com\/wp-content\/uploads\/2020\/04\/circulairephotospolice2.jpg\" data-attachment-id=\"974\" class=\" fg-thumb\"><img  height=\"250\" width=\"177\" data-src-fg=\"http:\/\/tiagopaes.com\/wp-content\/uploads\/cache\/2020\/04\/circulairephotospolice2\/-148575889.jpg\" class=\"fg-image\" \/><\/a><figcaption class=\"fg-caption\"><div class=\"fg-caption-inner\"><\/div><\/figcaption><\/figure><\/div><\/div>\r\n\n<p style=\"text-align: center;\">&nbsp;<\/p>\n<p style=\"text-align: center;\">Une photographie et une vid\u00e9o confronte le texte d&rsquo;une circulaire r\u00e9dig\u00e9e par la<br \/>\ndirection g\u00e9n\u00e9rale de la police nationale ayant pour objet :<\/p>\n<p style=\"text-align: center;\">\u00ab\u00a0Enregistrement et diffusion \u00e9ventuelle d&rsquo;images<br \/>\net de paroles de fonctionnaires de police dans l&rsquo;exercice de leurs fonctions\u00a0\u00bb<\/p>\n<p>&nbsp;<\/p>\n<p style=\"text-align: center;\"><img decoding=\"async\" loading=\"lazy\" class=\"aligncenter wp-image-878\" src=\"http:\/\/tiagopaes.com\/wp-content\/uploads\/2020\/02\/P1230343.jpg\" alt=\"Home\" width=\"555\" height=\"370\" srcset=\"http:\/\/tiagopaes.com\/wp-content\/uploads\/2020\/02\/P1230343.jpg 3363w, http:\/\/tiagopaes.com\/wp-content\/uploads\/2020\/02\/P1230343-300x200.jpg 300w, http:\/\/tiagopaes.com\/wp-content\/uploads\/2020\/02\/P1230343-768x512.jpg 768w, http:\/\/tiagopaes.com\/wp-content\/uploads\/2020\/02\/P1230343-1024x683.jpg 1024w, http:\/\/tiagopaes.com\/wp-content\/uploads\/2020\/02\/P1230343-150x100.jpg 150w, http:\/\/tiagopaes.com\/wp-content\/uploads\/2020\/02\/P1230343-400x267.jpg 400w\" sizes=\"(max-width: 555px) 100vw, 555px\" \/><\/p>\n","protected":false},"excerpt":{"rendered":"<p>&lt; Back<\/p>\n<p>Circulaire 8433 (2018) 2&prime; hd video loop \/ color photography \/ documents<\/p>\n<p style=\"text-align: center;\">\n<p style=\"text-align: center;\">&nbsp;<\/p>\n<p style=\"text-align: center;\">Une photographie et une vid\u00e9o confronte le texte d&rsquo;une circulaire r\u00e9dig\u00e9e par la direction g\u00e9n\u00e9rale de la police nationale ayant pour objet :<\/p>\n<p style=\"text-align: center;\">\u00ab Enregistrement et diffusion \u00e9ventuelle d&rsquo;images et de [&#8230;]<\/p>\n","protected":false},"author":1,"featured_media":0,"parent":0,"menu_order":0,"comment_status":"closed","ping_status":"closed","template":"","meta":{"ngg_post_thumbnail":0,"footnotes":""},"_links":{"self":[{"href":"http:\/\/tiagopaes.com\/index.php?rest_route=\/wp\/v2\/pages\/966"}],"collection":[{"href":"http:\/\/tiagopaes.com\/index.php?rest_route=\/wp\/v2\/pages"}],"about":[{"href":"http:\/\/tiagopaes.com\/index.php?rest_route=\/wp\/v2\/types\/page"}],"author":[{"embeddable":true,"href":"http:\/\/tiagopaes.com\/index.php?rest_route=\/wp\/v2\/users\/1"}],"replies":[{"embeddable":true,"href":"http:\/\/tiagopaes.com\/index.php?rest_route=%2Fwp%2Fv2%2Fcomments&post=966"}],"version-history":[{"count":37,"href":"http:\/\/tiagopaes.com\/index.php?rest_route=\/wp\/v2\/pages\/966\/revisions"}],"predecessor-version":[{"id":1017,"href":"http:\/\/tiagopaes.com\/index.php?rest_route=\/wp\/v2\/pages\/966\/revisions\/1017"}],"wp:attachment":[{"href":"http:\/\/tiagopaes.com\/index.php?rest_route=%2Fwp%2Fv2%2Fmedia&parent=966"}],"curies":[{"name":"wp","href":"https:\/\/api.w.org\/{rel}","templated":true}]}}